{"id":132,"date":"2010-05-14T22:32:05","date_gmt":"2010-05-14T21:32:05","guid":{"rendered":"http:\/\/blog.mkib.com\/?page_id=132"},"modified":"2017-03-22T02:46:55","modified_gmt":"2017-03-22T00:46:55","slug":"bergen-amcar-club-bacc","status":"publish","type":"page","link":"http:\/\/blog.mkib.com\/?page_id=132","title":{"rendered":"&#8211; Bergen AmCar Club"},"content":{"rendered":"<p><center><a href=\"http:\/\/blog.mkib.com\/wp-content\/uploads\/2010\/05\/bacc.jpg\"><img loading=\"lazy\" class=\"size-full wp-image-144 alignnone\" title=\"bacc\" src=\"http:\/\/blog.mkib.com\/wp-content\/uploads\/2010\/05\/bacc.jpg\" alt=\"\" width=\"100\" height=\"122\" \/><\/a><\/center><\/p>\n<p>Bergen AmCar Club &#8211; BACC<\/p>\n<p>En klubb for folk med interesse for amerikanske biler. Vi opprettholder milj\u00f8et rundt AmCars. Vi arrangerer treff, racing og cruising. Vi samles i v\u00e5rt eget klubblokale m\u00e5nedlig, og har i tillegg bibliotek, kafeteria og kontor.<\/p>\n<p>Vi er ca 200 medlemmer, og du er hjertelig velkommen til \u00e5 bli medlem. Du trenger bare interessen for \u00e5 bli med.<\/p>\n<p>Terminliste (se v\u00e5re egne websider for info):<\/p>\n<p>Kontakt:<\/p>\n<p>Webside: <a href=\"http:\/\/www.bacc.no\"target=\"New\">www.bacc.no<\/a><\/p>\n","protected":false},"excerpt":{"rendered":"<p>Bergen AmCar Club &#8211; BACC En klubb for folk med interesse for amerikanske biler. Vi opprettholder milj\u00f8et rundt AmCars. Vi arrangerer treff, racing og cruising. Vi samles i v\u00e5rt eget klubblokale m\u00e5nedlig, og har i tillegg bibliotek, kafeteria og kontor. Vi er ca 200 medlemmer, og du er hjertelig velkommen til \u00e5 bli medlem. Du [&hellip;]<\/p>\n","protected":false},"author":1,"featured_media":0,"parent":0,"menu_order":3,"comment_status":"closed","ping_status":"closed","template":"","meta":{"ngg_post_thumbnail":0},"_links":{"self":[{"href":"http:\/\/blog.mkib.com\/index.php?rest_route=\/wp\/v2\/pages\/132"}],"collection":[{"href":"http:\/\/blog.mkib.com\/index.php?rest_route=\/wp\/v2\/pages"}],"about":[{"href":"http:\/\/blog.mkib.com\/index.php?rest_route=\/wp\/v2\/types\/page"}],"author":[{"embeddable":true,"href":"http:\/\/blog.mkib.com\/index.php?rest_route=\/wp\/v2\/users\/1"}],"replies":[{"embeddable":true,"href":"http:\/\/blog.mkib.com\/index.php?rest_route=%2Fwp%2Fv2%2Fcomments&post=132"}],"version-history":[{"count":8,"href":"http:\/\/blog.mkib.com\/index.php?rest_route=\/wp\/v2\/pages\/132\/revisions"}],"predecessor-version":[{"id":1033,"href":"http:\/\/blog.mkib.com\/index.php?rest_route=\/wp\/v2\/pages\/132\/revisions\/1033"}],"wp:attachment":[{"href":"http:\/\/blog.mkib.com\/index.php?rest_route=%2Fwp%2Fv2%2Fmedia&parent=132"}],"curies":[{"name":"wp","href":"https:\/\/api.w.org\/{rel}","templated":true}]}}