{"id":134,"date":"2010-05-14T22:32:47","date_gmt":"2010-05-14T21:32:47","guid":{"rendered":"http:\/\/blog.mkib.com\/?page_id=134"},"modified":"2021-01-26T02:43:13","modified_gmt":"2021-01-26T00:43:13","slug":"bergen-veteranvogn-klubb","status":"publish","type":"page","link":"http:\/\/blog.mkib.com\/?page_id=134","title":{"rendered":"&#8211; Bergen Veteranvogn-klubb"},"content":{"rendered":"<p><a href=\"http:\/\/blog.mkib.com\/wp-content\/uploads\/2021\/01\/veteran_logo2.jpg\"><img loading=\"lazy\" class=\"align center size-thumbnail wp-image-2920\" src=\"http:\/\/blog.mkib.com\/wp-content\/uploads\/2021\/01\/veteran_logo2-150x150.jpg\" alt=\"\" width=\"150\" height=\"150\" srcset=\"http:\/\/blog.mkib.com\/wp-content\/uploads\/2021\/01\/veteran_logo2-150x150.jpg 150w, http:\/\/blog.mkib.com\/wp-content\/uploads\/2021\/01\/veteran_logo2-300x300.jpg 300w, http:\/\/blog.mkib.com\/wp-content\/uploads\/2021\/01\/veteran_logo2.jpg 433w\" sizes=\"(max-width: 150px) 100vw, 150px\" \/><\/a><\/p>\n<p style=\"text-align: center;\">Fortid p\u00e5 veien mot fremtiden<\/p>\n<p>En klubb hvis form\u00e5l er \u00e5 bidra til bevaring av historisk interessante kj\u00f8ret\u00f8y. Klubben&nbsp;omfatter alle typer kj\u00f8ret\u00f8y 30 \u00e5r eller eldre, men det er ingen krav om at man eier kj\u00f8ret\u00f8y selv &#8211; motorhistorisk interesse er nok.<\/p>\n<p>Vi har medlemsm\u00f8ter en gang i m\u00e5neden, men har normalt \u00e5pent hver tirsdag uten formelt program i kafeen p\u00e5 Bergens Tekniske Museum (BTM). Vi samarbeider med BTM og har egen utstilling p\u00e5 museet. Aktiviteten er h\u00f8y og vi deltar ofte p\u00e5 treff og arrangerer turer til inn- og utland. M\u00f8tene kan v\u00e6re bedriftsbes\u00f8k eller foredrag.<\/p>\n<p>Klubben er foruten MKIB ogs\u00e5 tilsluttet LMK og FIVA.<\/p>\n<p>Kontakt:&nbsp;<\/p>\n<p>Bergen Veteranvogn Klubb<br \/>\nWebside: <a href=\"http:\/\/bvkn.no\">bvkn.no<\/a><\/p>\n","protected":false},"excerpt":{"rendered":"<p>Fortid p\u00e5 veien mot fremtiden En klubb hvis form\u00e5l er \u00e5 bidra til bevaring av historisk interessante kj\u00f8ret\u00f8y. Klubben&nbsp;omfatter alle typer kj\u00f8ret\u00f8y 30 \u00e5r eller eldre, men det er ingen krav om at man eier kj\u00f8ret\u00f8y selv &#8211; motorhistorisk interesse er nok. Vi har medlemsm\u00f8ter en gang i m\u00e5neden, men har normalt \u00e5pent hver tirsdag [&hellip;]<\/p>\n","protected":false},"author":1,"featured_media":0,"parent":0,"menu_order":6,"comment_status":"closed","ping_status":"closed","template":"","meta":{"ngg_post_thumbnail":0},"_links":{"self":[{"href":"http:\/\/blog.mkib.com\/index.php?rest_route=\/wp\/v2\/pages\/134"}],"collection":[{"href":"http:\/\/blog.mkib.com\/index.php?rest_route=\/wp\/v2\/pages"}],"about":[{"href":"http:\/\/blog.mkib.com\/index.php?rest_route=\/wp\/v2\/types\/page"}],"author":[{"embeddable":true,"href":"http:\/\/blog.mkib.com\/index.php?rest_route=\/wp\/v2\/users\/1"}],"replies":[{"embeddable":true,"href":"http:\/\/blog.mkib.com\/index.php?rest_route=%2Fwp%2Fv2%2Fcomments&post=134"}],"version-history":[{"count":16,"href":"http:\/\/blog.mkib.com\/index.php?rest_route=\/wp\/v2\/pages\/134\/revisions"}],"predecessor-version":[{"id":2926,"href":"http:\/\/blog.mkib.com\/index.php?rest_route=\/wp\/v2\/pages\/134\/revisions\/2926"}],"wp:attachment":[{"href":"http:\/\/blog.mkib.com\/index.php?rest_route=%2Fwp%2Fv2%2Fmedia&parent=134"}],"curies":[{"name":"wp","href":"https:\/\/api.w.org\/{rel}","templated":true}]}}