{"id":136,"date":"2010-05-14T22:33:58","date_gmt":"2010-05-14T21:33:58","guid":{"rendered":"http:\/\/blog.mkib.com\/?page_id=136"},"modified":"2021-01-25T12:41:23","modified_gmt":"2021-01-25T10:41:23","slug":"bergen-milit%c3%a6rhistorisk-kj%c3%b8ret%c3%b8yforening","status":"publish","type":"page","link":"http:\/\/blog.mkib.com\/?page_id=136","title":{"rendered":"&#8211; Bergen Milit\u00e6rhistorisk Kj\u00f8ret\u00f8yforening"},"content":{"rendered":"<p><a href=\"http:\/\/blog.mkib.com\/wp-content\/uploads\/2021\/01\/ny-logo.jpg\"><img loading=\"lazy\" class=\"align center size-thumbnail wp-image-2923\" src=\"http:\/\/blog.mkib.com\/wp-content\/uploads\/2021\/01\/ny-logo-150x150.jpg\" alt=\"\" width=\"150\" height=\"150\"><\/a><\/p>\n<p style=\"text-align: center;\">En klubb for historiske milit\u00e6re kj\u00f8ret\u00f8y, og deres naturlige historie.<\/p>\n<p>Vi er ca 60 medlemmer av forskjellig alder og kj\u00f8nn. Vi har n\u00e5 tilholdssted p\u00e5 \u00c5saskiftet, ca. 800 meter fra Ulven leir, mot Lysefjorden. Der finner du oss nesten hver onsdag fra ca kl 1730 til 2000 i v\u00e5re nye ,fine klubblokaler. BMK har ogs\u00e5 &laquo;butikken&raquo; \u00e5pen p\u00e5 medlemskveldene og der kan du f\u00e5 kj\u00f8pt diverse nytt og brukte milit\u00e6reffekter og turutstyr.<\/p>\n<p>Vi er en sosial klubb som ofte drar p\u00e5 tur, p\u00e5 ekte feltmaner. Da tar vi med familie og venner. Du trenger ikke \u00e5 ha kj\u00f8ret\u00f8y for \u00e5 v\u00e6re med, interesse holder.<\/p>\n<p>De fleste av v\u00e5re medlemmer er ogs\u00e5 med i HMK (Historisk Milit\u00e6re Kj\u00f8ret\u00f8yers forening) som er landsdekkende.<\/p>\n<p>Kontakt:<br \/>\nBergen Milit\u00e6rhistorisk Kj\u00f8ret\u00f8yforening<br \/>\nOle Bullsveg 1<br \/>\n5215 LYSEKLOSTER<\/p>\n<p>Bes\u00f8ksadressen er:\u00c5sen<br \/>\nKlubblokalene v\u00e5re ( 3 bygninger ) ligger ca 800 meter forbi<br \/>\nH\u00e5konsvern orlogsstasjon, Ulven leir mot Lysefjorden, p\u00e5 venstreside ved f\u00f8rste veikryss.<\/p>\n<p>e-post: <a href=\"mailto:Bergen.militaerhistoriske.kjoretoyforen@gmail.com?subject=Epost generert fra MKIB\">BMK<\/a><\/p>\n","protected":false},"excerpt":{"rendered":"<p>En klubb for historiske milit\u00e6re kj\u00f8ret\u00f8y, og deres naturlige historie. Vi er ca 60 medlemmer av forskjellig alder og kj\u00f8nn. Vi har n\u00e5 tilholdssted p\u00e5 \u00c5saskiftet, ca. 800 meter fra Ulven leir, mot Lysefjorden. Der finner du oss nesten hver onsdag fra ca kl 1730 til 2000 i v\u00e5re nye ,fine klubblokaler. BMK har ogs\u00e5 [&hellip;]<\/p>\n","protected":false},"author":1,"featured_media":0,"parent":0,"menu_order":5,"comment_status":"closed","ping_status":"closed","template":"","meta":{"ngg_post_thumbnail":0},"_links":{"self":[{"href":"http:\/\/blog.mkib.com\/index.php?rest_route=\/wp\/v2\/pages\/136"}],"collection":[{"href":"http:\/\/blog.mkib.com\/index.php?rest_route=\/wp\/v2\/pages"}],"about":[{"href":"http:\/\/blog.mkib.com\/index.php?rest_route=\/wp\/v2\/types\/page"}],"author":[{"embeddable":true,"href":"http:\/\/blog.mkib.com\/index.php?rest_route=\/wp\/v2\/users\/1"}],"replies":[{"embeddable":true,"href":"http:\/\/blog.mkib.com\/index.php?rest_route=%2Fwp%2Fv2%2Fcomments&post=136"}],"version-history":[{"count":10,"href":"http:\/\/blog.mkib.com\/index.php?rest_route=\/wp\/v2\/pages\/136\/revisions"}],"predecessor-version":[{"id":2924,"href":"http:\/\/blog.mkib.com\/index.php?rest_route=\/wp\/v2\/pages\/136\/revisions\/2924"}],"wp:attachment":[{"href":"http:\/\/blog.mkib.com\/index.php?rest_route=%2Fwp%2Fv2%2Fmedia&parent=136"}],"curies":[{"name":"wp","href":"https:\/\/api.w.org\/{rel}","templated":true}]}}