{"id":138,"date":"2010-05-14T22:38:26","date_gmt":"2010-05-14T21:38:26","guid":{"rendered":"http:\/\/blog.mkib.com\/?page_id=138"},"modified":"2011-01-29T03:16:56","modified_gmt":"2011-01-29T02:16:56","slug":"classic-scooters-club-bergen-cscb","status":"publish","type":"page","link":"http:\/\/blog.mkib.com\/?page_id=138","title":{"rendered":"&#8211; Classic Scooters Club Bergen"},"content":{"rendered":"<p><center><a href=\"http:\/\/blog.mkib.com\/wp-content\/uploads\/2010\/05\/cscblogo1.jpg\"><img loading=\"lazy\" src=\"http:\/\/blog.mkib.com\/wp-content\/uploads\/2010\/05\/cscblogo1.jpg\" alt=\"\" title=\"cscblogo\" width=\"150\" height=\"102\" class=\"aligncenter size-full wp-image-155\" \/><\/a><\/center><\/p>\n<p>Classic Scooters Club Bergen &#8211; CSCB<br \/>\nEn solid klubb for dyrking av scooteren i Bergensomr\u00e5det.<br \/>\nVi ble dannet i 1991, og er fremdeles sterk og aktiv. Vi kj\u00f8rer tur og drar p\u00e5 treff og har det g\u00f8y. Det er vi som steker vaffler p\u00e5 V\u00e5rm\u00f8nstringen!!!<\/p>\n<p>Den klassiske italienske scooteren har en tidl\u00f8s design. Den er urban, praktisk og moderne. Samtidig er den moro \u00e5 kj\u00f8re.<\/p>\n<p>Vespa og Lambretta er sikkert velkjente merker, men vi liker ogs\u00e5 mer ukjente typer. De fleste medlemmene kj\u00f8rer Vespa i CSCB.<br \/>\nEn Vespa er en kvinne det er lett \u00e5 forelske seg i. Og forholdet varer ofte evig.<\/p>\n<p>Om du finner scooteren pen, m\u00e5 du kontakte oss, og se v\u00e5r webside. <\/span><\/p>\n<p>Classic Scooters Club Bergen<br \/>\nPostboks 1822 &#8211; 5816 Bergen<\/p>\n<p>e-post: <a href=\"mailto:elling.bjelland@ktb.no\">elling.bjelland@ktb.no<\/a><br \/>\nweb: <a href=\"http:\/\/www.cscb.no\/\" target=\"NEW\">www.cscb.no<\/a>  <\/span><\/p>\n<p><center><img src=\"http:\/\/www.mkib.com\/klubbpic\/fnr35.jpg\" alt=\"\" \/><br \/>\nFra v\u00e5r opptreden i Norge Rundt<\/span><\/p>\n<p><img src=\"http:\/\/www.mkib.com\/klubbpic\/02vm11.jpg\" alt=\"\" \/><br \/>\nCSCB p\u00e5 v\u00e5rm\u00f8nstringen 2002<\/center><\/p>\n","protected":false},"excerpt":{"rendered":"<p>Classic Scooters Club Bergen &#8211; CSCB En solid klubb for dyrking av scooteren i Bergensomr\u00e5det. Vi ble dannet i 1991, og er fremdeles sterk og aktiv. Vi kj\u00f8rer tur og drar p\u00e5 treff og har det g\u00f8y. Det er vi som steker vaffler p\u00e5 V\u00e5rm\u00f8nstringen!!! Den klassiske italienske scooteren har en tidl\u00f8s design. Den er [&hellip;]<\/p>\n","protected":false},"author":1,"featured_media":0,"parent":0,"menu_order":9,"comment_status":"closed","ping_status":"closed","template":"","meta":{"ngg_post_thumbnail":0},"_links":{"self":[{"href":"http:\/\/blog.mkib.com\/index.php?rest_route=\/wp\/v2\/pages\/138"}],"collection":[{"href":"http:\/\/blog.mkib.com\/index.php?rest_route=\/wp\/v2\/pages"}],"about":[{"href":"http:\/\/blog.mkib.com\/index.php?rest_route=\/wp\/v2\/types\/page"}],"author":[{"embeddable":true,"href":"http:\/\/blog.mkib.com\/index.php?rest_route=\/wp\/v2\/users\/1"}],"replies":[{"embeddable":true,"href":"http:\/\/blog.mkib.com\/index.php?rest_route=%2Fwp%2Fv2%2Fcomments&post=138"}],"version-history":[{"count":7,"href":"http:\/\/blog.mkib.com\/index.php?rest_route=\/wp\/v2\/pages\/138\/revisions"}],"predecessor-version":[{"id":584,"href":"http:\/\/blog.mkib.com\/index.php?rest_route=\/wp\/v2\/pages\/138\/revisions\/584"}],"wp:attachment":[{"href":"http:\/\/blog.mkib.com\/index.php?rest_route=%2Fwp%2Fv2%2Fmedia&parent=138"}],"curies":[{"name":"wp","href":"https:\/\/api.w.org\/{rel}","templated":true}]}}