{"id":158,"date":"2010-05-14T22:54:43","date_gmt":"2010-05-14T21:54:43","guid":{"rendered":"http:\/\/blog.mkib.com\/?page_id=158"},"modified":"2011-01-29T19:49:05","modified_gmt":"2011-01-29T18:49:05","slug":"ford-m-klubb-norge","status":"publish","type":"page","link":"http:\/\/blog.mkib.com\/?page_id=158","title":{"rendered":"&#8211; Ford M Klubb Norge"},"content":{"rendered":"<p><center><img src=\"http:\/\/www.mkib.com\/logos\/fordm.jpg\" border=\"1\" alt=\"\" \/><\/center><\/p>\n<p>Ford M klubb norge ivaretar Fords M-modeller 1952-1972.<\/p>\n<p>Landklubbens hovedsete er i \u00d8ystese. Vi er ca 1000 medlemmer. Klubber er tilsluttet LMK.<\/p>\n<p><strong>Avdeling Hordaland<\/strong><br \/>\nBergensavdelingen ble startet i 1996. V\u00e5rt form\u00e5l er \u00e5 ha det sosialt. Vi har v\u00e5rt \u00e5rlige v\u00e5rtreff p\u00e5 Lone i mai. Det er lagt opp til 2 bilturer (m grilling) i \u00e5ret, samt 3 sm\u00e5turer. Vi har intet lokale forel\u00f8pig. Vi er ca 100 medlemmer lokalt, og h\u00e5per s\u00e5klart at flere vi bli med oss. <\/span><\/p>\n<p>Kontakt:<br \/>\nJ\u00f8rn Aldal<br \/>\nAldal<br \/>\n5650 Tysse<br \/>\n56586739- 40233559<\/p>\n<p>e-post: <a href=\"mailto:aldal@bluezone.no\">aldal@bluezone.no<\/a><br \/>\nweb: <a href=\"http:\/\/www.fordmklubb.com\/\" target=\"New\">www.fordmklubb.com\/<\/a> (Hovedklubben)<br \/>\n<\/span><br \/>\n<center><\/p>\n<hr \/>\n<p><img src=\"http:\/\/www.mkib.com\/klubbpic\/ford01.jpg\" alt=\"svane\" \/><\/p>\n<p><img src=\"http:\/\/www.mkib.com\/klubbpic\/fordm025.jpg\" alt=\"treff\" \/><\/p>\n<p><img src=\"http:\/\/www.mkib.com\/klubbpic\/fordm026.jpg\" alt=\"treff\" \/><\/p>\n<p><img src=\"http:\/\/www.mkib.com\/klubbpic\/fordm027.jpg\" alt=\"treff\" \/><\/p>\n<p><img src=\"http:\/\/www.mkib.com\/klubbpic\/fordm023.jpg\" alt=\"treff\" \/><br \/>\n<\/center><\/p>\n","protected":false},"excerpt":{"rendered":"<p>Ford M klubb norge ivaretar Fords M-modeller 1952-1972. Landklubbens hovedsete er i \u00d8ystese. Vi er ca 1000 medlemmer. Klubber er tilsluttet LMK. Avdeling Hordaland Bergensavdelingen ble startet i 1996. V\u00e5rt form\u00e5l er \u00e5 ha det sosialt. Vi har v\u00e5rt \u00e5rlige v\u00e5rtreff p\u00e5 Lone i mai. Det er lagt opp til 2 bilturer (m grilling) i [&hellip;]<\/p>\n","protected":false},"author":1,"featured_media":0,"parent":0,"menu_order":10,"comment_status":"closed","ping_status":"closed","template":"","meta":{"ngg_post_thumbnail":0},"_links":{"self":[{"href":"http:\/\/blog.mkib.com\/index.php?rest_route=\/wp\/v2\/pages\/158"}],"collection":[{"href":"http:\/\/blog.mkib.com\/index.php?rest_route=\/wp\/v2\/pages"}],"about":[{"href":"http:\/\/blog.mkib.com\/index.php?rest_route=\/wp\/v2\/types\/page"}],"author":[{"embeddable":true,"href":"http:\/\/blog.mkib.com\/index.php?rest_route=\/wp\/v2\/users\/1"}],"replies":[{"embeddable":true,"href":"http:\/\/blog.mkib.com\/index.php?rest_route=%2Fwp%2Fv2%2Fcomments&post=158"}],"version-history":[{"count":5,"href":"http:\/\/blog.mkib.com\/index.php?rest_route=\/wp\/v2\/pages\/158\/revisions"}],"predecessor-version":[{"id":614,"href":"http:\/\/blog.mkib.com\/index.php?rest_route=\/wp\/v2\/pages\/158\/revisions\/614"}],"wp:attachment":[{"href":"http:\/\/blog.mkib.com\/index.php?rest_route=%2Fwp%2Fv2%2Fmedia&parent=158"}],"curies":[{"name":"wp","href":"https:\/\/api.w.org\/{rel}","templated":true}]}}