{"id":160,"date":"2010-05-14T22:57:16","date_gmt":"2010-05-14T21:57:16","guid":{"rendered":"http:\/\/blog.mkib.com\/?page_id=160"},"modified":"2011-01-29T03:17:42","modified_gmt":"2011-01-29T02:17:42","slug":"mercedes-benz-klubben-norge","status":"publish","type":"page","link":"http:\/\/blog.mkib.com\/?page_id=160","title":{"rendered":"&#8211; Mercedes-Benz Klubben Norge"},"content":{"rendered":"<p><center><img src=\"http:\/\/www.mkib.com\/logos\/mb.jpg\" border=\"1\" alt=\"\" \/><\/center>\u00a0<\/p>\n<p>En klubb for folk med interesse for Mercedes-Benz, stiftet i 1977.<\/p>\n<p>Klubben er \u00e5pen for alle som eier, eller er inteersert i, Mercedes-Benz. Det som bringer oss sammen er en felles interesse for \u00e5 restaurere, bevare og kj\u00f8re Mercedes-Benz av eldre \u00e5rgang. Klubben er nasjonal, med lokale avdelinger i Oslo, Skien, Stavanger, Trondheim og Bergen. Vi er tilsluttet LMK.<\/p>\n<p>De Lokale avdelingene arrangerer m\u00f8ter, garasjetreff, l\u00f8p og delemarked. Klubben har ogs\u00e5 en rekke spesial-kontaktpersoner p\u00e5 forskjellige modeller og emner. Hos oss kan du f\u00e5 hjelp, hvis du st\u00e5r fast.<\/p>\n<p>Hos oss f\u00e5r du et fellesskap omkring MB-interressen. Du f\u00e5r bladet &laquo;bulletinen&raquo; med utdypende artikler om historie og teknikk 4 ganger i \u00e5ret. Du f\u00e5r &laquo;Meldemsnytt&raquo; 9 ganger i \u00e5ret med tekn. info og gratis annonser. Vi holder medlemsm\u00f8ter og er behjelpelig med r\u00e5d ved restaurering og oppsporing av gamle deler.<\/p>\n<p>\u00d8nsker du mer informasjon, eller vil bli medlem, kontakt oss: <\/span><\/p>\n<p>Kontakt:<br \/>\nMercedes-Benz Klubben Norge<br \/>\nweb: <a href=\"http:\/\/www.mercedesklubben.no\/\" target=\"new\">www.mercedesklubben.no<\/a> <\/span><\/p>\n","protected":false},"excerpt":{"rendered":"<p>\u00a0 En klubb for folk med interesse for Mercedes-Benz, stiftet i 1977. Klubben er \u00e5pen for alle som eier, eller er inteersert i, Mercedes-Benz. Det som bringer oss sammen er en felles interesse for \u00e5 restaurere, bevare og kj\u00f8re Mercedes-Benz av eldre \u00e5rgang. Klubben er nasjonal, med lokale avdelinger i Oslo, Skien, Stavanger, Trondheim og [&hellip;]<\/p>\n","protected":false},"author":1,"featured_media":0,"parent":0,"menu_order":11,"comment_status":"closed","ping_status":"closed","template":"","meta":{"ngg_post_thumbnail":0},"_links":{"self":[{"href":"http:\/\/blog.mkib.com\/index.php?rest_route=\/wp\/v2\/pages\/160"}],"collection":[{"href":"http:\/\/blog.mkib.com\/index.php?rest_route=\/wp\/v2\/pages"}],"about":[{"href":"http:\/\/blog.mkib.com\/index.php?rest_route=\/wp\/v2\/types\/page"}],"author":[{"embeddable":true,"href":"http:\/\/blog.mkib.com\/index.php?rest_route=\/wp\/v2\/users\/1"}],"replies":[{"embeddable":true,"href":"http:\/\/blog.mkib.com\/index.php?rest_route=%2Fwp%2Fv2%2Fcomments&post=160"}],"version-history":[{"count":4,"href":"http:\/\/blog.mkib.com\/index.php?rest_route=\/wp\/v2\/pages\/160\/revisions"}],"predecessor-version":[{"id":586,"href":"http:\/\/blog.mkib.com\/index.php?rest_route=\/wp\/v2\/pages\/160\/revisions\/586"}],"wp:attachment":[{"href":"http:\/\/blog.mkib.com\/index.php?rest_route=%2Fwp%2Fv2%2Fmedia&parent=160"}],"curies":[{"name":"wp","href":"https:\/\/api.w.org\/{rel}","templated":true}]}}