{"id":163,"date":"2010-05-14T22:58:35","date_gmt":"2010-05-14T21:58:35","guid":{"rendered":"http:\/\/blog.mkib.com\/?page_id=163"},"modified":"2011-01-29T03:12:14","modified_gmt":"2011-01-29T02:12:14","slug":"bergen-jaguar-forum","status":"publish","type":"page","link":"http:\/\/blog.mkib.com\/?page_id=163","title":{"rendered":"&#8211; Bergen Jaguar Forum"},"content":{"rendered":"<p><center><img src=\"http:\/\/www.mkib.com\/logos\/jaglogo.gif\" border=\"0\" alt=\"\" \/><\/center>\u00a0<br \/>\nBergen Jaguar Forum (BJF) ble stiftet 18. november 1998.<\/p>\n<p>P\u00e5 det f\u00f8rste m\u00f8tet deltok 14 entusiaster og \u00e5ndsfrender, som lenge hadde savnet<br \/>\net sosialt forum for utveksling av ideer, tips og erfaringer fra sitt mangfoldige liv<br \/>\nmed ulike utgaver av det sagnomsuste engelske bilmerket.<\/p>\n<p><strong>ARBEIDSUTVALG<\/strong><br \/>\nDet ble nedsatt et arbeidsutvalg p\u00e5 f\u00f8rst 3, senere 4 personer, som skal ivareta klubbens interesser<br \/>\nog dra i gang ulike aktiviteter,<br \/>\nsom f.eks. utflukter, utlodninger, salg av klubbeffekter, garasjebes\u00f8k, v\u00e5rm\u00f8nstringer, temakvelder,<br \/>\nturer til England og Skottland o.l.<\/p>\n<p><strong>HVA ER BERGEN JAGUAR FORUM ?<\/strong><br \/>\nBJF er f\u00f8rst og fremst en uformell gruppe Jaguar-entusiaster \u2013 \u00e5pen for alle med interesse for<br \/>\nJaguar og Daimler &#8211; alle \u00e5rganger, uansett tilstand.<\/p>\n<p>Alle er hjertelig velkommen, b\u00e5de med og uten bil !<\/p>\n<p><strong>MEDLEMMER<\/strong><br \/>\nEtter snart 2 \u00e5rs \u201ddrift\u201d har BJF idag 82 medlemmer, de fleste tilnyttet enten<br \/>\nNorsk Jaguar Klubb (NJK), Jaguar Enthusiast Club (JEC), Jaguar Drivers Club<br \/>\n(JDC), Bergen Veteranvogn Klubb (BVK), Albion, Clube Portugues de Automoveis Antiques (CPAA)<br \/>\neller andre merkeklubber.<\/p>\n<p>V\u00e5rt eldste medlem er 70 \u00e5r, v\u00e5rt yngste midt i 20-\u00e5rene.<\/p>\n<p><strong>MEDLEMSFORDELER<\/strong><br \/>\nV\u00e5re medlemmer nyter godt av BJF\u2019s store kontaktnett i inn- og utland, enten det dreier seg om<br \/>\ntekniske sp\u00f8rsm\u00e5l,<br \/>\nmuligheter for service og reparasjoner, kj\u00f8p og salg m.m. Ta kontakt for n\u00e6rmere opplysninger.<\/p>\n<p>BJF\u2019s medlemmer har ogs\u00e5 et stort utvalg originale verkstedsh\u00e5ndb\u00f8ker, delekataloger og annen<br \/>\nsv\u00e6rt interessant litteratur om<br \/>\nJaguar og Daimler, som alle i forumet kan nyte godt av.<\/p>\n<p><strong>BILPARKEN<\/strong><br \/>\nBJF\u2019s bilpark dekker et stort spekter av typer og \u00e5rganger, alt fra en 1950-modell<br \/>\nMK V til til \u00e5rets modell av den nye S-typen.<\/p>\n<p><strong>M\u00d8TESTED OG TIDSPUNKT<\/strong><br \/>\nVi m\u00f8tes normalt kl. 1830 f\u00f8rste onsdag i hver m\u00e5ned. I vinterhalv\u00e5ret er v\u00e5rt faste m\u00f8tested Fagernes Yacht Club, ca. 8 km syd for<br \/>\nBergen sentrum. I sommerhalv\u00e5ret m\u00f8tes vi sm regel p\u00e5 Festningskaien kl. 1830, f\u00f8r vi drar i kortesje til utvalgte og naturskj\u00f8nne steder i distriktet.<\/p>\n<p><strong>NEWSLETTER<\/strong><br \/>\nDet sendes ut referat \/ newsletter til samtlige medlemmer etter hvert m\u00f8te. Dette forteller ogs\u00e5 i mer i detalj hvor vi skal m\u00f8tes neste gang.<\/p>\n<p>Kontakt:<br \/>\nWebside: <a href=\"http:\/\/www.jag-lovers.org\/clubs\/bjf\/\" target=\"NEW\">www.jag-lovers.org\/clubs\/bjf\/<\/a> <\/p>\n","protected":false},"excerpt":{"rendered":"<p>\u00a0 Bergen Jaguar Forum (BJF) ble stiftet 18. november 1998. P\u00e5 det f\u00f8rste m\u00f8tet deltok 14 entusiaster og \u00e5ndsfrender, som lenge hadde savnet et sosialt forum for utveksling av ideer, tips og erfaringer fra sitt mangfoldige liv med ulike utgaver av det sagnomsuste engelske bilmerket. ARBEIDSUTVALG Det ble nedsatt et arbeidsutvalg p\u00e5 f\u00f8rst 3, senere [&hellip;]<\/p>\n","protected":false},"author":1,"featured_media":0,"parent":0,"menu_order":4,"comment_status":"closed","ping_status":"closed","template":"","meta":{"ngg_post_thumbnail":0},"_links":{"self":[{"href":"http:\/\/blog.mkib.com\/index.php?rest_route=\/wp\/v2\/pages\/163"}],"collection":[{"href":"http:\/\/blog.mkib.com\/index.php?rest_route=\/wp\/v2\/pages"}],"about":[{"href":"http:\/\/blog.mkib.com\/index.php?rest_route=\/wp\/v2\/types\/page"}],"author":[{"embeddable":true,"href":"http:\/\/blog.mkib.com\/index.php?rest_route=\/wp\/v2\/users\/1"}],"replies":[{"embeddable":true,"href":"http:\/\/blog.mkib.com\/index.php?rest_route=%2Fwp%2Fv2%2Fcomments&post=163"}],"version-history":[{"count":6,"href":"http:\/\/blog.mkib.com\/index.php?rest_route=\/wp\/v2\/pages\/163\/revisions"}],"predecessor-version":[{"id":576,"href":"http:\/\/blog.mkib.com\/index.php?rest_route=\/wp\/v2\/pages\/163\/revisions\/576"}],"wp:attachment":[{"href":"http:\/\/blog.mkib.com\/index.php?rest_route=%2Fwp%2Fv2%2Fmedia&parent=163"}],"curies":[{"name":"wp","href":"https:\/\/api.w.org\/{rel}","templated":true}]}}