{"id":165,"date":"2010-05-14T23:00:39","date_gmt":"2010-05-14T22:00:39","guid":{"rendered":"http:\/\/blog.mkib.com\/?page_id=165"},"modified":"2011-01-29T18:56:37","modified_gmt":"2011-01-29T17:56:37","slug":"volkswagen-auto-club-bergen","status":"publish","type":"page","link":"http:\/\/blog.mkib.com\/?page_id=165","title":{"rendered":"&#8211; Volkswagen Auto Club Bergen"},"content":{"rendered":"<p style=\"text-align: center;\"><a rel=\"attachment wp-att-557\" href=\"http:\/\/blog.mkib.com\/?attachment_id=557\"><img loading=\"lazy\" class=\"size-full wp-image-557 aligncenter\" title=\"vwacb-logo220\" src=\"http:\/\/blog.mkib.com\/wp-content\/uploads\/2010\/05\/vwacb-logo220.jpg\" alt=\"\" width=\"220\" height=\"143\" \/><\/a>\u00a0<\/p>\n<p>Volkswagen Auto Club Bergen, VWACB, er en klubb for folk med interesse for luftkj\u00f8lt VW. Med det mener vi at bilene er s\u00e5 pass gamle at de har motoren bak.<\/p>\n<p>Vi er over 270 medlemmer av forskjellig alder og kj\u00f8nn. V\u00e5re biler er b\u00e5de klassikere og nyere modifiserte biler, alt fra gamle slitere\u00a0til blanke\u00a0utstillingsmodeller. V\u00e5r form\u00e5l er \u00e5 skape et positivt og aktivt milj\u00f8 rundt VW.<\/p>\n<p>V\u00e5re medlemmer f\u00e5r tilgang\u00a0til en rekke goder. Vi har en omfattende rabattavtaleliste, v\u00e5rt eget klubblokale og\u00a0eget mekke- og lagringslokale. I tillegg f\u00e5r du VWACB-nytt, v\u00e5rt eget medlemsblad i farger, tilsendt\u00a03 ganger i \u00e5ret. Vi har egen nettside, eget\u00a0forum , samt gunstige forsikringtilbud til din VW.<\/p>\n<p>P\u00e5 toppen av alt f\u00e5r du i tillegg\u00a0et rikt sosialt liv, p\u00e5 v\u00e5re m\u00e5nedlige m\u00f8ter og\u00a0cruisinger, samt p\u00e5 v\u00e5rt treff, Bug Out.<\/p>\n<p>Om du har luftkj\u00f8lt VW, eller bare interressen, bli med i v\u00e5r klubb n\u00e5 !<\/p>\n<p>Kontakt:<br \/>\nVolkswagen Auto Club Bergen<br \/>\nPostboks 187<br \/>\n5873 Bergen<\/p>\n<p>e-post: <a href=\"mailto:vwacb@vwacb.com?subject=Epost generert fra MKIB\">VWACB<\/a><br \/>\nweb: <a href=\"http:\/\/www.vwacb.com\/\" target=\"New\">www.vwacb.com<\/a><\/p>\n","protected":false},"excerpt":{"rendered":"<p>\u00a0 Volkswagen Auto Club Bergen, VWACB, er en klubb for folk med interesse for luftkj\u00f8lt VW. Med det mener vi at bilene er s\u00e5 pass gamle at de har motoren bak. Vi er over 270 medlemmer av forskjellig alder og kj\u00f8nn. V\u00e5re biler er b\u00e5de klassikere og nyere modifiserte biler, alt fra gamle slitere\u00a0til blanke\u00a0utstillingsmodeller. [&hellip;]<\/p>\n","protected":false},"author":1,"featured_media":0,"parent":0,"menu_order":12,"comment_status":"closed","ping_status":"closed","template":"","meta":{"ngg_post_thumbnail":0},"_links":{"self":[{"href":"http:\/\/blog.mkib.com\/index.php?rest_route=\/wp\/v2\/pages\/165"}],"collection":[{"href":"http:\/\/blog.mkib.com\/index.php?rest_route=\/wp\/v2\/pages"}],"about":[{"href":"http:\/\/blog.mkib.com\/index.php?rest_route=\/wp\/v2\/types\/page"}],"author":[{"embeddable":true,"href":"http:\/\/blog.mkib.com\/index.php?rest_route=\/wp\/v2\/users\/1"}],"replies":[{"embeddable":true,"href":"http:\/\/blog.mkib.com\/index.php?rest_route=%2Fwp%2Fv2%2Fcomments&post=165"}],"version-history":[{"count":18,"href":"http:\/\/blog.mkib.com\/index.php?rest_route=\/wp\/v2\/pages\/165\/revisions"}],"predecessor-version":[{"id":613,"href":"http:\/\/blog.mkib.com\/index.php?rest_route=\/wp\/v2\/pages\/165\/revisions\/613"}],"wp:attachment":[{"href":"http:\/\/blog.mkib.com\/index.php?rest_route=%2Fwp%2Fv2%2Fmedia&parent=165"}],"curies":[{"name":"wp","href":"https:\/\/api.w.org\/{rel}","templated":true}]}}