{"id":168,"date":"2010-05-14T23:01:54","date_gmt":"2010-05-14T22:01:54","guid":{"rendered":"http:\/\/blog.mkib.com\/?page_id=168"},"modified":"2023-06-04T13:12:06","modified_gmt":"2023-06-04T11:12:06","slug":"capri-club-norge","status":"publish","type":"page","link":"http:\/\/blog.mkib.com\/?page_id=168","title":{"rendered":"&#8211; Capri Club Norge"},"content":{"rendered":"<p style=\"text-align: center;\"><img class=\"aligncenter\" style=\"border: black 1px solid;\" src=\"http:\/\/www.mkib.com\/logos\/capri.jpg\" alt=\"\" border=\"1\"><\/p>\n<p>Ogs\u00e5 her i Norge finnes en egen interesseorganisasjon for bilmerket Ford Capri \u2013 den legendariske sportscup\u00e9en \u201dalle\u201d kjenner fra -70 og -80 tallet\u2026 I 1984 ble Nordens f\u00f8rste Capri-klubb stiftet under navnet Bergen Capri Club. Det hele utviklet seg raskt til et landsdekkende foretak, og ved \u00e5rsskiftet -86\/-87 ble det foretatt et naturlig navneskifte: CAPRI CLUB NORGE (CCN) I dag har klubben over 370 medlemmer, hvorav ca 70 tilh\u00f8rer \u201dregion Vest\u201d.<\/p>\n<p>Som CCN-medlem er du tilknyttet et forum hvor sp\u00f8rsm\u00e5l omkring Capri kan diskuteres \u2013 enten det dreier seg om historikk, tekniske sp\u00f8rsm\u00e5l eller deleformidling. Klubbladet CCN-nytt utgis 4 ganger \u00e5rlig, og inneholder interessant lesestoff for enhver Capri-entusiast: \u201dCapri-shoppen\u201d (bil &amp; deler) \u201dMin bildagbok\u201d (medl. presentasjon) Capri-tester, treffresym\u00e9, rabattavtaler, klubbutstyr etc.<\/p>\n<p>Via klubben kan du ogs\u00e5 kj\u00f8pe Capri-litteratur, h\u00e5ndb\u00f8ker, salgsbrosjyrer og videofilmer. Siden 1985 har vi arrangert \u00e5rlige Capri-landstreff \u2013 enten p\u00e5 Gol Campingsenter eller Norsj\u00f8 Ferieland i Telemark. I tillegg holdes en del regionale m\u00f8ter og treff, samt internasjonale m\u00f8nstringer i bl.a. England og Tyskland.<\/p>\n<p>Da gjenst\u00e5r det bare \u00e5 \u00f8nske enhver Capri-eier eller fan velkommen som medlem \u2013 Hold legenden i live sammen med Capri Club Norge!<\/p>\n<p>Kontakt:<br \/>\nCapri Club Norge, region Vest<br \/>\nKirsten Flagstads vei 30<br \/>\n5146 Fyllingsdalen<br \/>\nTlf: 99 50 63 64<\/p>\n<p>Webside: <a href=\"http:\/\/www.capriclubnorge.no\" target=\"NEW\" rel=\"noopener\">capriclubnorge.no<\/a><\/p>\n","protected":false},"excerpt":{"rendered":"<p>Ogs\u00e5 her i Norge finnes en egen interesseorganisasjon for bilmerket Ford Capri \u2013 den legendariske sportscup\u00e9en \u201dalle\u201d kjenner fra -70 og -80 tallet\u2026 I 1984 ble Nordens f\u00f8rste Capri-klubb stiftet under navnet Bergen Capri Club. Det hele utviklet seg raskt til et landsdekkende foretak, og ved \u00e5rsskiftet -86\/-87 ble det foretatt et naturlig navneskifte: CAPRI [&hellip;]<\/p>\n","protected":false},"author":1,"featured_media":0,"parent":0,"menu_order":7,"comment_status":"closed","ping_status":"closed","template":"","meta":{"ngg_post_thumbnail":0},"_links":{"self":[{"href":"http:\/\/blog.mkib.com\/index.php?rest_route=\/wp\/v2\/pages\/168"}],"collection":[{"href":"http:\/\/blog.mkib.com\/index.php?rest_route=\/wp\/v2\/pages"}],"about":[{"href":"http:\/\/blog.mkib.com\/index.php?rest_route=\/wp\/v2\/types\/page"}],"author":[{"embeddable":true,"href":"http:\/\/blog.mkib.com\/index.php?rest_route=\/wp\/v2\/users\/1"}],"replies":[{"embeddable":true,"href":"http:\/\/blog.mkib.com\/index.php?rest_route=%2Fwp%2Fv2%2Fcomments&post=168"}],"version-history":[{"count":17,"href":"http:\/\/blog.mkib.com\/index.php?rest_route=\/wp\/v2\/pages\/168\/revisions"}],"predecessor-version":[{"id":3566,"href":"http:\/\/blog.mkib.com\/index.php?rest_route=\/wp\/v2\/pages\/168\/revisions\/3566"}],"wp:attachment":[{"href":"http:\/\/blog.mkib.com\/index.php?rest_route=%2Fwp%2Fv2%2Fmedia&parent=168"}],"curies":[{"name":"wp","href":"https:\/\/api.w.org\/{rel}","templated":true}]}}