{"id":170,"date":"2010-05-14T23:03:01","date_gmt":"2010-05-14T22:03:01","guid":{"rendered":"http:\/\/blog.mkib.com\/?page_id=170"},"modified":"2011-01-29T18:51:10","modified_gmt":"2011-01-29T17:51:10","slug":"classic-bike-owners-club","status":"publish","type":"page","link":"http:\/\/blog.mkib.com\/?page_id=170","title":{"rendered":"&#8211; Classic Bike Owners Club"},"content":{"rendered":"<p style=\"text-align: center;\"><img class=\"aligncenter\" style=\"border: black 1px solid;\" src=\"http:\/\/www.mkib.com\/logos\/cboc.jpg\" border=\"1\" alt=\"\" \/>\u00a0<\/p>\n<p>En klubb for folk med interesse for europeiske motorsykler, samt MC&#8217;er som er over 21 \u00e5r.<\/p>\n<p>Klubbens m\u00e5l er \u00e5 opprettholde et milj\u00f8 som har kunnskap og vilje til \u00e5 restaurere, bevare og kj\u00f8pe motorsykler som har, eller vil f\u00e5, motorhistorisk verdi.<\/p>\n<p>Klubben ble stiftet 9. jan 1983 p\u00e5 grunnlaget til British Motorcycle Owners Club i Bergen. MC-parken er meget bred, fra f\u00f8rkrigs til moderne sykler. Vi har egne lokaler i Nordnesboder. Vi arrangerer et \u00f8rlig treff i \u00d8vre Eidfjord i Hardanger, samt et treff for italienske MC&#8217;er-.<\/p>\n<p>Vi gir ut medlemsbladet &laquo;Classic Bike&raquo;. Vi er tilsluttet LMK og FIVA (Federation Internationale Vehiceles Anciens). Dermed st\u00f8tter vi ogs\u00e5 nasjonalt og internsasjonalt arbeid. Gjennom LMK f\u00e5r du ogs\u00e5 meget gunstig forsikring p\u00e5 kj\u00f8ret\u00f8y eldre enn 21 \u00e5r. Vi har ogs\u00e5 gode rabattordninger.<\/p>\n<p>For deg med nyere MC tilbyr vi et godt milj\u00f8, med muligheter for \u00e5 bli med p\u00e5 v\u00e5re ulike turer.<\/p>\n<p>For deg med Klassisk MC, tilbyr til deg tilgang p\u00e5 v\u00e5rt velutstyrte verksted og v\u00e5r ekspertise. I vinterhalv\u00e5ret hoder vi \u00e5pent annenhver fredag i v\u00e5r trivelige pub<\/p>\n<p>Kontakt:<br \/>\nClassic Bike Owners Club<br \/>\nBreiviken 3<br \/>\nPostboks 2392 &#8211; 5037 Solheimsviken<\/p>\n<p>epost: <a href=\"mailto:dagriise@online.no\">dagriise@online.no<\/a> &#8211; <a href=\"mailto:hbretmar@online.no\">hbretmar@online.no<\/a><br \/>\nWeb: <a href=\"http:\/\/www.cboc.no\/\" target=\"NEW\">http:\/\/www.cboc.no<\/a><\/p>\n","protected":false},"excerpt":{"rendered":"<p>\u00a0 En klubb for folk med interesse for europeiske motorsykler, samt MC&#8217;er som er over 21 \u00e5r. Klubbens m\u00e5l er \u00e5 opprettholde et milj\u00f8 som har kunnskap og vilje til \u00e5 restaurere, bevare og kj\u00f8pe motorsykler som har, eller vil f\u00e5, motorhistorisk verdi. Klubben ble stiftet 9. jan 1983 p\u00e5 grunnlaget til British Motorcycle Owners [&hellip;]<\/p>\n","protected":false},"author":1,"featured_media":0,"parent":0,"menu_order":8,"comment_status":"closed","ping_status":"closed","template":"","meta":{"ngg_post_thumbnail":0},"_links":{"self":[{"href":"http:\/\/blog.mkib.com\/index.php?rest_route=\/wp\/v2\/pages\/170"}],"collection":[{"href":"http:\/\/blog.mkib.com\/index.php?rest_route=\/wp\/v2\/pages"}],"about":[{"href":"http:\/\/blog.mkib.com\/index.php?rest_route=\/wp\/v2\/types\/page"}],"author":[{"embeddable":true,"href":"http:\/\/blog.mkib.com\/index.php?rest_route=\/wp\/v2\/users\/1"}],"replies":[{"embeddable":true,"href":"http:\/\/blog.mkib.com\/index.php?rest_route=%2Fwp%2Fv2%2Fcomments&post=170"}],"version-history":[{"count":5,"href":"http:\/\/blog.mkib.com\/index.php?rest_route=\/wp\/v2\/pages\/170\/revisions"}],"predecessor-version":[{"id":609,"href":"http:\/\/blog.mkib.com\/index.php?rest_route=\/wp\/v2\/pages\/170\/revisions\/609"}],"wp:attachment":[{"href":"http:\/\/blog.mkib.com\/index.php?rest_route=%2Fwp%2Fv2%2Fmedia&parent=170"}],"curies":[{"name":"wp","href":"https:\/\/api.w.org\/{rel}","templated":true}]}}