{"id":172,"date":"2010-05-14T23:14:00","date_gmt":"2010-05-14T22:14:00","guid":{"rendered":"http:\/\/blog.mkib.com\/?page_id=172"},"modified":"2021-01-25T12:46:12","modified_gmt":"2021-01-25T10:46:12","slug":"west-side-vanners","status":"publish","type":"page","link":"http:\/\/blog.mkib.com\/?page_id=172","title":{"rendered":"&#8211; West Side Vanners"},"content":{"rendered":"<p style=\"text-align: center;\">&nbsp;<\/p>\n<p style=\"text-align: center;\"><a href=\"http:\/\/blog.mkib.com\/?attachment_id=623\" rel=\"attachment wp-att-623\"><img loading=\"lazy\" class=\"aligncenter size-full wp-image-623\" title=\"wsv-blk\" src=\"http:\/\/blog.mkib.com\/wp-content\/uploads\/2010\/05\/wsv-blk.jpg\" alt=\"\" width=\"120\" height=\"119\"><\/a><\/p>\n<p style=\"margin: 0cm; margin-bottom: .0001pt;\"><span style=\"font-size: 9.0pt; font-family: 'Verdana',sans-serif;\">West Side Vanners, forkortet WSV, er en klubb for Van- og Truckinteresserte. Klubben ble etablert i 1981, og besto i mange \u00e5r for det meste av medlemmer fra Bergen og omegn.<\/span><\/p>\n<p style=\"margin: 0cm; margin-bottom: .0001pt; font-variant-ligatures: normal; font-variant-caps: normal; text-align: start; -webkit-text-stroke-width: 0px; text-decoration-thickness: initial; text-decoration-style: initial; text-decoration-color: initial; word-spacing: 0px;\"><span style=\"font-size: 9.0pt; font-family: 'Verdana',sans-serif;\">Etter hvert kom det medlemmer til fra hele landet. Vi har i dag stort sett medlemmer fra vestlandet, i tillegg til noen Danske medlemmer.<\/span><\/p>\n<p style=\"margin: 0cm; margin-bottom: .0001pt; font-variant-ligatures: normal; font-variant-caps: normal; text-align: start; -webkit-text-stroke-width: 0px; text-decoration-thickness: initial; text-decoration-style: initial; text-decoration-color: initial; word-spacing: 0px;\"><span style=\"font-size: 9.0pt; font-family: 'Verdana',sans-serif;\">Totalt har vi de siste \u00e5rene v\u00e6rt litt flere enn 50 medlemmer, noe som har holdt seg ganske stabilt.<\/span><\/p>\n<p style=\"margin: 0cm; margin-bottom: .0001pt; font-variant-ligatures: normal; font-variant-caps: normal; text-align: start; -webkit-text-stroke-width: 0px; text-decoration-thickness: initial; text-decoration-style: initial; text-decoration-color: initial; word-spacing: 0px;\"><span style=\"font-size: 9.0pt; font-family: 'Verdana',sans-serif;\">Etter hvert har klubben utviklet seg til \u00e5 bli en familieklubb hvor b\u00e5de barn og voksne er med, der klubbens hovedm\u00e5l er \u00e5 fremme interessen for amerikanske van\u2019s og truck\u2019s, samt sosial hygge med turer og arrangementer for voksne og barn \u00e5ret rundt.<\/span><\/p>\n<p style=\"margin: 0cm; margin-bottom: .0001pt; font-variant-ligatures: normal; font-variant-caps: normal; text-align: start; -webkit-text-stroke-width: 0px; text-decoration-thickness: initial; text-decoration-style: initial; text-decoration-color: initial; word-spacing: 0px;\"><span style=\"font-size: 9.0pt; font-family: 'Verdana',sans-serif;\">Klubben har medlemsm\u00f8te en gang i m\u00e5neden, hvor det blir planlagt og diskutert klubbens treff og arrangementer, og der vi noen ganger planlegger neste tur og treff, samt at vi har litt sosialt samv\u00e6r. WSV har et sv\u00e6rt godt forhold til andre van- og truck klubber i inn- og utland.<\/span><\/p>\n<p style=\"margin: 0cm; margin-bottom: .0001pt; font-variant-ligatures: normal; font-variant-caps: normal; text-align: start; -webkit-text-stroke-width: 0px; text-decoration-thickness: initial; text-decoration-style: initial; text-decoration-color: initial; word-spacing: 0px;\"><span style=\"font-size: 9.0pt; font-family: 'Verdana',sans-serif;\">Det koster kr. 400 pr. \u00e5r \u00e5 v\u00e6re medlem i WSV. Som medlem kan du ogs\u00e5 dra nytte av de rabattavtaler vi har fremforhandlet. Du m\u00e5 noen sv\u00e6rt f\u00e5 ganger v\u00e6re med p\u00e5 litt dugnad for WSV, men etter de tilbakemeldinger vi har f\u00e5tt vedr. dette, s\u00e5 oppleves dette for det meste som sosial hygge og samv\u00e6r, til gjensidig nytte og hygge for oss alle.<\/span><\/p>\n<p style=\"margin: 0cm; margin-bottom: .0001pt; font-variant-ligatures: normal; font-variant-caps: normal; text-align: start; -webkit-text-stroke-width: 0px; text-decoration-thickness: initial; text-decoration-style: initial; text-decoration-color: initial; word-spacing: 0px;\"><span style=\"font-size: 9.0pt; font-family: 'Verdana',sans-serif;\">Postadresse:<br \/>\nWest Side Vanners V\/ Daniell Tveit Toft<\/span><\/p>\n<p style=\"margin: 0cm; margin-bottom: .0001pt; font-variant-ligatures: normal; font-variant-caps: normal; text-align: start; -webkit-text-stroke-width: 0px; text-decoration-thickness: initial; text-decoration-style: initial; text-decoration-color: initial; word-spacing: 0px;\"><span style=\"font-size: 9.0pt; font-family: 'Verdana',sans-serif;\">Kvernavegen 10<\/span><\/p>\n<p style=\"margin: 0cm; margin-bottom: .0001pt; font-variant-ligatures: normal; font-variant-caps: normal; text-align: start; -webkit-text-stroke-width: 0px; text-decoration-thickness: initial; text-decoration-style: initial; text-decoration-color: initial; word-spacing: 0px;\"><span style=\"font-size: 9.0pt; font-family: 'Verdana',sans-serif;\">5363 \u00c5gotnes<\/span><\/p>\n<p style=\"margin: 0cm; margin-bottom: .0001pt; font-variant-ligatures: normal; font-variant-caps: normal; text-align: start; -webkit-text-stroke-width: 0px; text-decoration-thickness: initial; text-decoration-style: initial; text-decoration-color: initial; word-spacing: 0px;\"><span style=\"font-size: 9.0pt; font-family: 'Verdana',sans-serif;\">&nbsp;<\/span><\/p>\n<p style=\"margin: 0cm; margin-bottom: .0001pt; font-variant-ligatures: normal; font-variant-caps: normal; text-align: start; -webkit-text-stroke-width: 0px; text-decoration-thickness: initial; text-decoration-style: initial; text-decoration-color: initial; word-spacing: 0px;\"><span style=\"font-size: 9.0pt; font-family: 'Verdana',sans-serif;\">Kontaktperson:<\/span><\/p>\n<p style=\"margin: 0cm; margin-bottom: .0001pt; font-variant-ligatures: normal; font-variant-caps: normal; text-align: start; -webkit-text-stroke-width: 0px; text-decoration-thickness: initial; text-decoration-style: initial; text-decoration-color: initial; word-spacing: 0px;\"><span style=\"font-size: 9.0pt; font-family: 'Verdana',sans-serif;\">Daniell Tveit Toft<\/span><\/p>\n<p style=\"margin: 0cm; margin-bottom: .0001pt; font-variant-ligatures: normal; font-variant-caps: normal; text-align: start; -webkit-text-stroke-width: 0px; text-decoration-thickness: initial; text-decoration-style: initial; text-decoration-color: initial; word-spacing: 0px;\"><span style=\"font-size: 9.0pt; font-family: 'Verdana',sans-serif;\">Telefon: 920 54 810<\/span><\/p>\n<p style=\"margin: 0cm; margin-bottom: .0001pt; font-variant-ligatures: normal; font-variant-caps: normal; text-align: start; -webkit-text-stroke-width: 0px; text-decoration-thickness: initial; text-decoration-style: initial; text-decoration-color: initial; word-spacing: 0px;\"><span style=\"font-size: 9.0pt; font-family: 'Verdana',sans-serif;\">Epost: <a href=\"mailto:danieto@online.no\">danieto@online.no<\/a><\/span><\/p>\n<p style=\"margin: 0cm; margin-bottom: .0001pt; font-variant-ligatures: normal; font-variant-caps: normal; text-align: start; -webkit-text-stroke-width: 0px; text-decoration-thickness: initial; text-decoration-style: initial; text-decoration-color: initial; word-spacing: 0px;\"><span style=\"font-size: 9.0pt; font-family: 'Verdana',sans-serif;\">Web: <a href=\"http:\/\/www.westsidevanners.no\">www.westsidevanners.no<\/a><\/span><\/p>\n<p>&nbsp;<\/p>\n","protected":false},"excerpt":{"rendered":"<p>&nbsp; West Side Vanners, forkortet WSV, er en klubb for Van- og Truckinteresserte. Klubben ble etablert i 1981, og besto i mange \u00e5r for det meste av medlemmer fra Bergen og omegn. Etter hvert kom det medlemmer til fra hele landet. Vi har i dag stort sett medlemmer fra vestlandet, i tillegg til noen Danske [&hellip;]<\/p>\n","protected":false},"author":1,"featured_media":0,"parent":0,"menu_order":13,"comment_status":"closed","ping_status":"closed","template":"","meta":{"ngg_post_thumbnail":0},"_links":{"self":[{"href":"http:\/\/blog.mkib.com\/index.php?rest_route=\/wp\/v2\/pages\/172"}],"collection":[{"href":"http:\/\/blog.mkib.com\/index.php?rest_route=\/wp\/v2\/pages"}],"about":[{"href":"http:\/\/blog.mkib.com\/index.php?rest_route=\/wp\/v2\/types\/page"}],"author":[{"embeddable":true,"href":"http:\/\/blog.mkib.com\/index.php?rest_route=\/wp\/v2\/users\/1"}],"replies":[{"embeddable":true,"href":"http:\/\/blog.mkib.com\/index.php?rest_route=%2Fwp%2Fv2%2Fcomments&post=172"}],"version-history":[{"count":23,"href":"http:\/\/blog.mkib.com\/index.php?rest_route=\/wp\/v2\/pages\/172\/revisions"}],"predecessor-version":[{"id":2925,"href":"http:\/\/blog.mkib.com\/index.php?rest_route=\/wp\/v2\/pages\/172\/revisions\/2925"}],"wp:attachment":[{"href":"http:\/\/blog.mkib.com\/index.php?rest_route=%2Fwp%2Fv2%2Fmedia&parent=172"}],"curies":[{"name":"wp","href":"https:\/\/api.w.org\/{rel}","templated":true}]}}