{"id":560,"date":"2011-01-29T02:22:30","date_gmt":"2011-01-29T01:22:30","guid":{"rendered":"http:\/\/blog.mkib.com\/?page_id=560"},"modified":"2012-04-14T16:14:39","modified_gmt":"2012-04-14T15:14:39","slug":"gjesteklubber","status":"publish","type":"page","link":"http:\/\/blog.mkib.com\/?page_id=560","title":{"rendered":"&#8211; Gjesteklubber p\u00e5 V\u00e5rm."},"content":{"rendered":"<p><strong>Gjesteklubber p\u00e5 V\u00e5rm\u00f8nstringen.<\/strong><\/p>\n<p>N\u00e5r v\u00e5ren er i anmarsj og planleggingen er kommet i gang sender MKIB ut invitasjon til gjesteklubbene som deltok i fjor. Klubber som ikke deltok i fjor, m\u00e5 selv ta kontakt med MIKB for \u00e5 kunne delta som gjesteklubb.<\/p>\n<p>Tildeling av plasser gj\u00f8res s\u00e5 rettferdig som mulig, og ingen klubber er garantert \u00e5 f\u00e5 det antall plasser de s\u00f8ker. Til det er Lagunens parkeringsplass rett og slett for liten til alle klubbene og deres plassbehov. I tillegg til at det er liten plass \u00f8nsker de fleste klubbene st\u00e5 utend\u00f8rs med sine biler, dette gj\u00f8r at vi har enda mindre plass til disposisjon.<\/p>\n<p>Grunnet tilbakemeldingene under og etter tidligere V\u00e5rm\u00f8nstringer har vi n\u00e5 vurdert situasjonen slik at vi tildeler alle gjesteklubbene et visst antall utend\u00f8rsplasser. Her kan klubben f\u00e5 mulighet til \u00e5 markedsf\u00f8re sin klubb, sin hobby og interesse. Hvor mye plass hver enkelt klubb f\u00e5r utend\u00f8rs vil v\u00e6re avhengig av antall p\u00e5meldte gjesteklubber, samt et forholdstall etter hvor mange biler klubben har stilt med de siste tre \u00e5rene. Typisk antall vil ligge p\u00e5 fra 3 til 6 biler, men det kan ogs\u00e5 bli flere eller f\u00e6rre plasser disponibelt. Disse plassene er tenkt som gjesteklubbenes profileringsplasser, de andre fremm\u00f8tte bilene for de respektive klubbene vil henvises til andre plasser. \u00d8nsker man at disse kj\u00f8ret\u00f8yene skal st\u00e5 samlet, oppfordres man til \u00e5 m\u00f8te tidlig og i samlet flokk. Det blir ikke anledning til \u00e5 reservere eller holde av plasser her.<\/p>\n<p>Vi gj\u00f8r vi det p\u00e5 denne m\u00e5ten for \u00e5 f\u00e5 det mest mulig rettferdig for alle klubbene.<\/p>\n<p>Klubbene oppfordres til \u00e5 ha en fast plan p\u00e5 hvilke biler som skal oppta de tildelte utend\u00f8rsplassene, klubbene st\u00e5r derfor ansvarlig for at det ikke blir noe avvik p\u00e5 plasseringen av kj\u00f8ret\u00f8yene som skal promotere klubben. Klubbene st\u00e5r ogs\u00e5 fritt til \u00e5 benytte en av de tildelte plassene til klubbstand, for profilering av klubben og klubbens aktiviteter.<\/p>\n<p>Hvert \u00e5r blir et nytt kart over omr\u00e5det utarbeidet. P\u00e5 dette vil plasseringen til hver klubb inntegnes.<\/p>\n<p>Kj\u00f8ret\u00f8y som m\u00f8ter b\u00f8r ha en bra standard og m\u00e5 som et minimum v\u00e6re rengjort\/vasket til treffet.<\/p>\n<p>Om din klubb \u00f8nsker plass, oppgi da hvor mange plasser dere \u00f8nsker. Vi kan ikke p\u00e5 forh\u00e5nd garantere for noe spesielt antall eller for en spesiell plassering p\u00e5 omr\u00e5det.<\/p>\n<p>Henvendelser om Gjesteklubber:<br \/>\nJonn-Stian Hansen, VWACB &#8211; epost: <a href=\"mailto:vwacb@mkib.com?subject=Epost generert fra MKIB\">vwacb@mkib.com<\/a><\/p>\n","protected":false},"excerpt":{"rendered":"<p>Gjesteklubber p\u00e5 V\u00e5rm\u00f8nstringen. N\u00e5r v\u00e5ren er i anmarsj og planleggingen er kommet i gang sender MKIB ut invitasjon til gjesteklubbene som deltok i fjor. Klubber som ikke deltok i fjor, m\u00e5 selv ta kontakt med MIKB for \u00e5 kunne delta som gjesteklubb. Tildeling av plasser gj\u00f8res s\u00e5 rettferdig som mulig, og ingen klubber er garantert [&hellip;]<\/p>\n","protected":false},"author":1,"featured_media":0,"parent":0,"menu_order":15,"comment_status":"closed","ping_status":"closed","template":"","meta":{"ngg_post_thumbnail":0},"_links":{"self":[{"href":"http:\/\/blog.mkib.com\/index.php?rest_route=\/wp\/v2\/pages\/560"}],"collection":[{"href":"http:\/\/blog.mkib.com\/index.php?rest_route=\/wp\/v2\/pages"}],"about":[{"href":"http:\/\/blog.mkib.com\/index.php?rest_route=\/wp\/v2\/types\/page"}],"author":[{"embeddable":true,"href":"http:\/\/blog.mkib.com\/index.php?rest_route=\/wp\/v2\/users\/1"}],"replies":[{"embeddable":true,"href":"http:\/\/blog.mkib.com\/index.php?rest_route=%2Fwp%2Fv2%2Fcomments&post=560"}],"version-history":[{"count":12,"href":"http:\/\/blog.mkib.com\/index.php?rest_route=\/wp\/v2\/pages\/560\/revisions"}],"predecessor-version":[{"id":770,"href":"http:\/\/blog.mkib.com\/index.php?rest_route=\/wp\/v2\/pages\/560\/revisions\/770"}],"wp:attachment":[{"href":"http:\/\/blog.mkib.com\/index.php?rest_route=%2Fwp%2Fv2%2Fmedia&parent=560"}],"curies":[{"name":"wp","href":"https:\/\/api.w.org\/{rel}","templated":true}]}}