{"id":616,"date":"2011-02-06T12:46:44","date_gmt":"2011-02-06T11:46:44","guid":{"rendered":"http:\/\/blog.mkib.com\/?page_id=616"},"modified":"2021-01-24T17:21:32","modified_gmt":"2021-01-24T15:21:32","slug":"kontakt-oss","status":"publish","type":"page","link":"http:\/\/blog.mkib.com\/?page_id=616","title":{"rendered":"&#8211; Kontakt oss"},"content":{"rendered":"<p><strong>Har du sp\u00f8rsm\u00e5l til MKIB, ta kontakt via e-post:<\/strong><\/p>\n<p>Henvendelser om V\u00e5rm\u00f8nstringen generelt:<br \/>\nCarl A. Harbitz-Rasmussen, BVK &#8211; epost: <a href=\"mailto:bvk@mkib.com?subject=Epost generert fra MKIB\">bvk@mkib.com<\/a><\/p>\n<p>Henvendelser om Gjesteklubber:<br \/>\nJonn-Stian Hansen, VWACB &#8211; epost: <a href=\"mailto:vwacb@mkib.com?subject=Epost generert fra MKIB\">vwacb@mkib.com<\/a><\/p>\n<p>Henvendelser til MKIB&#8217;s pressekontakt:<br \/>\nCasper Hestness, BJF &#8211; epost: <a href=\"mailto:bjf@mkib.com?subject=Epost generert fra MKIB\">bjf@mkib.com<\/a> Tlf: 91852490<br \/>\nReserve: Carl A. Harbitz-Rasmussen, BVK &#8211; epost: <a href=\"mailto:bvk@mkib.com?subject=Epost generert fra MKIB\">bvk@mkib.com<\/a> Tlf: 91385830<\/p>\n<p>Henvendelser til Webmaster:<br \/>\nJonn-Stian Hansen, VWACB &#8211; epost: <a href=\"mailto:vwacb@mkib.com?subject=Epost generert fra MKIB\">vwacb@mkib.com<\/a><\/p>\n","protected":false},"excerpt":{"rendered":"<p>Har du sp\u00f8rsm\u00e5l til MKIB, ta kontakt via e-post: Henvendelser om V\u00e5rm\u00f8nstringen generelt: Carl A. Harbitz-Rasmussen, BVK &#8211; epost: bvk@mkib.com Henvendelser om Gjesteklubber: Jonn-Stian Hansen, VWACB &#8211; epost: vwacb@mkib.com Henvendelser til MKIB&#8217;s pressekontakt: Casper Hestness, BJF &#8211; epost: bjf@mkib.com Tlf: 91852490 Reserve: Carl A. Harbitz-Rasmussen, BVK &#8211; epost: bvk@mkib.com Tlf: 91385830 Henvendelser til Webmaster: Jonn-Stian [&hellip;]<\/p>\n","protected":false},"author":2,"featured_media":0,"parent":0,"menu_order":2,"comment_status":"closed","ping_status":"closed","template":"","meta":{"ngg_post_thumbnail":0},"_links":{"self":[{"href":"http:\/\/blog.mkib.com\/index.php?rest_route=\/wp\/v2\/pages\/616"}],"collection":[{"href":"http:\/\/blog.mkib.com\/index.php?rest_route=\/wp\/v2\/pages"}],"about":[{"href":"http:\/\/blog.mkib.com\/index.php?rest_route=\/wp\/v2\/types\/page"}],"author":[{"embeddable":true,"href":"http:\/\/blog.mkib.com\/index.php?rest_route=\/wp\/v2\/users\/2"}],"replies":[{"embeddable":true,"href":"http:\/\/blog.mkib.com\/index.php?rest_route=%2Fwp%2Fv2%2Fcomments&post=616"}],"version-history":[{"count":14,"href":"http:\/\/blog.mkib.com\/index.php?rest_route=\/wp\/v2\/pages\/616\/revisions"}],"predecessor-version":[{"id":2914,"href":"http:\/\/blog.mkib.com\/index.php?rest_route=\/wp\/v2\/pages\/616\/revisions\/2914"}],"wp:attachment":[{"href":"http:\/\/blog.mkib.com\/index.php?rest_route=%2Fwp%2Fv2%2Fmedia&parent=616"}],"curies":[{"name":"wp","href":"https:\/\/api.w.org\/{rel}","templated":true}]}}